{"id":1552,"date":"2020-04-18T15:50:57","date_gmt":"2020-04-18T13:50:57","guid":{"rendered":"http:\/\/surbooke.fr\/wordpress\/?page_id=1552"},"modified":"2020-11-09T17:28:45","modified_gmt":"2020-11-09T16:28:45","slug":"cest-de-la-balle","status":"publish","type":"page","link":"https:\/\/surbooke.fr\/wordpress\/cest-de-la-balle\/","title":{"rendered":"C&rsquo;est de la balle"},"content":{"rendered":"\n<p><strong>Quelques-uns des plus beaux livres de ce blog. Pas forc\u00e9ment les plus connus. Et alors ?<\/strong><br><br><\/p>\n\n\n\n<p><\/p>\n\n\n\n<h4 class=\"wp-block-heading\"><strong>Parce que l&rsquo;amour<\/strong><\/h4>\n\n\n\n<p class=\"has-background has-medium-gray-background-color\">Si vous n&rsquo;\u00eates pas \u00e9mus par l&rsquo;histoire de St\u00e9phane Eugerwicz, petit Polonais potentiellement juif  d\u00e9barqu\u00e9 de nulle part \u00e0 S. en Ard\u00e8che en l&rsquo;ann\u00e9e 1942, alors on ne peut plus rien pour vous.<br><em><a rel=\"noreferrer noopener\" aria-label=\"Un petit homme de dos (s\u2019ouvre dans un nouvel onglet)\" href=\"http:\/\/surbooke.fr\/wordpress\/?p=498\" target=\"_blank\">Un petit homme de dos<\/a><\/em>, <strong>Richard Morgi\u00e8ve<\/strong><\/p>\n\n\n\n<figure class=\"wp-block-image\"><img decoding=\"async\" src=\"https:\/\/surbooke.fr\/wordpress\/wp-content\/uploads\/2020\/04\/Un-petit-homme-de-dos.jpg\" alt=\"\" class=\"wp-image-499\"\/><\/figure>\n\n\n\n<h4 class=\"wp-block-heading\"><br><br><strong>Parce que l&rsquo;amiti\u00e9<\/strong><\/h4>\n\n\n\n<p class=\"has-background has-text-align-left has-medium-gray-background-color\">Quatre jeunes adultes partent \u00e0 moto pour d\u00e9couvrir la vie en croyant que rien ne serait plus comme avant. La d\u00e9couverte d&rsquo;un \u00e9crivain.<br><em><a rel=\"noreferrer noopener\" aria-label=\"Nous r\u00eavions juste de libert\u00e9 (s\u2019ouvre dans un nouvel onglet)\" href=\"http:\/\/surbooke.fr\/wordpress\/?p=1643\" target=\"_blank\">Nous r\u00eavions juste de libert\u00e9<\/a><\/em>, <strong>Henri L\u0153venbruck<\/strong><\/p>\n\n\n\n<figure class=\"wp-block-image\"><img decoding=\"async\" src=\"https:\/\/surbooke.fr\/wordpress\/wp-content\/uploads\/2020\/04\/Nous-r\u00eavions-juste-de-libert\u00e9-e1587986839210.jpg\" alt=\"\" class=\"wp-image-2006\"\/><\/figure>\n\n\n\n<h4 class=\"wp-block-heading\"><br><br><strong>Pour ne pas oublier<\/strong><\/h4>\n\n\n\n<p class=\"has-background has-medium-gray-background-color\">Quand les survivants d&rsquo;<strong>Auschwitz<\/strong> seront tous morts, il restera leurs livres. Un humour particuli\u00e8rement noir chez cet auteur de polars.<br><em><a rel=\"noreferrer noopener\" aria-label=\"C'est en hiver que les jours rallongent, (s\u2019ouvre dans un nouvel onglet)\" href=\"http:\/\/surbooke.fr\/wordpress\/?p=826\" target=\"_blank\">C&rsquo;est en hiver que les jours rallongent<\/a><\/em><a rel=\"noreferrer noopener\" aria-label=\"C'est en hiver que les jours rallongent, (s\u2019ouvre dans un nouvel onglet)\" href=\"http:\/\/surbooke.fr\/wordpress\/?p=826\" target=\"_blank\">,<\/a> <strong>Joseph Bialot<\/strong><\/p>\n\n\n\n<figure class=\"wp-block-image is-resized\"><img loading=\"lazy\" decoding=\"async\" src=\"https:\/\/surbooke.fr\/wordpress\/wp-content\/uploads\/2020\/04\/Cest-en-hiver.jpg\" alt=\"\" class=\"wp-image-827\" width=\"205\" height=\"363\"\/><\/figure>\n\n\n\n<h4 class=\"wp-block-heading\"><br><br><strong>Le roman d&rsquo;une g\u00e9n\u00e9ration<\/strong><\/h4>\n\n\n\n<p class=\"has-background has-medium-gray-background-color\">De l&rsquo;\u00e9lection de Fran\u00e7ois Mitterrand \u00e0 celle de Fran\u00e7ois Hollande, la vie de Paul, Rodolphe, Tanguy  et Beno\u00eet. On do\u00eet \u00e0 ce livre la cr\u00e9ation du blog.<br><em><a rel=\"noreferrer noopener\" aria-label=\"Le bonheur national brut (s\u2019ouvre dans un nouvel onglet)\" href=\"http:\/\/surbooke.fr\/wordpress\/?p=1210\" target=\"_blank\">Le bonheur national brut<\/a><\/em> , <strong>Fran\u00e7ois Roux<\/strong><\/p>\n\n\n\n<figure class=\"wp-block-image\"><img decoding=\"async\" src=\"https:\/\/surbooke.fr\/wordpress\/wp-content\/uploads\/2020\/04\/Le-bonheur-national-brut.jpg\" alt=\"\" class=\"wp-image-1211\"\/><\/figure>\n","protected":false},"excerpt":{"rendered":"<p>Quelques-uns des plus beaux livres de ce blog. Pas forc\u00e9ment les plus connus. Et alors ? Parce que l&rsquo;amour Si vous n&rsquo;\u00eates pas \u00e9mus par l&rsquo;histoire de St\u00e9phane Eugerwicz, petit Polonais potentiellement juif d\u00e9barqu\u00e9 de nulle part \u00e0 S. en Ard\u00e8che en l&rsquo;ann\u00e9e 1942, alors on ne peut plus rien pour vous.Un petit homme de [&hellip;]<\/p>\n","protected":false},"author":8,"featured_media":0,"parent":0,"menu_order":0,"comment_status":"closed","ping_status":"closed","template":"","meta":{"footnotes":""},"class_list":["post-1552","page","type-page","status-publish","hentry"],"yoast_head":"<!-- This site is optimized with the Yoast SEO plugin v27.5 - https:\/\/yoast.com\/product\/yoast-seo-wordpress\/ -->\n<title>C&#039;est de la balle - Surbook\u00e9<\/title>\n<meta name=\"robots\" content=\"index, follow, max-snippet:-1, max-image-preview:large, max-video-preview:-1\" \/>\n<link rel=\"canonical\" href=\"https:\/\/surbooke.fr\/wordpress\/cest-de-la-balle\/\" \/>\n<meta property=\"og:locale\" content=\"fr_FR\" \/>\n<meta property=\"og:type\" content=\"article\" \/>\n<meta property=\"og:title\" content=\"C&#039;est de la balle - Surbook\u00e9\" \/>\n<meta property=\"og:description\" content=\"Quelques-uns des plus beaux livres de ce blog. Pas forc\u00e9ment les plus connus. Et alors ? Parce que l&rsquo;amour Si vous n&rsquo;\u00eates pas \u00e9mus par l&rsquo;histoire de St\u00e9phane Eugerwicz, petit Polonais potentiellement juif d\u00e9barqu\u00e9 de nulle part \u00e0 S. en Ard\u00e8che en l&rsquo;ann\u00e9e 1942, alors on ne peut plus rien pour vous.Un petit homme de [&hellip;]\" \/>\n<meta property=\"og:url\" content=\"https:\/\/surbooke.fr\/wordpress\/cest-de-la-balle\/\" \/>\n<meta property=\"og:site_name\" content=\"Surbook\u00e9\" \/>\n<meta property=\"article:modified_time\" content=\"2020-11-09T16:28:45+00:00\" \/>\n<meta property=\"og:image\" content=\"https:\/\/surbooke.fr\/wordpress\/wp-content\/uploads\/2020\/04\/Un-petit-homme-de-dos.jpg\" \/>\n<meta name=\"twitter:card\" content=\"summary_large_image\" \/>\n<meta name=\"twitter:label1\" content=\"Dur\u00e9e de lecture estim\u00e9e\" \/>\n\t<meta name=\"twitter:data1\" content=\"1 minute\" \/>\n<script type=\"application\/ld+json\" class=\"yoast-schema-graph\">{\"@context\":\"https:\\\/\\\/schema.org\",\"@graph\":[{\"@type\":\"WebPage\",\"@id\":\"https:\\\/\\\/surbooke.fr\\\/wordpress\\\/cest-de-la-balle\\\/\",\"url\":\"https:\\\/\\\/surbooke.fr\\\/wordpress\\\/cest-de-la-balle\\\/\",\"name\":\"C'est de la balle - Surbook\u00e9\",\"isPartOf\":{\"@id\":\"https:\\\/\\\/surbooke.fr\\\/wordpress\\\/#website\"},\"primaryImageOfPage\":{\"@id\":\"https:\\\/\\\/surbooke.fr\\\/wordpress\\\/cest-de-la-balle\\\/#primaryimage\"},\"image\":{\"@id\":\"https:\\\/\\\/surbooke.fr\\\/wordpress\\\/cest-de-la-balle\\\/#primaryimage\"},\"thumbnailUrl\":\"https:\\\/\\\/surbooke.fr\\\/wordpress\\\/wp-content\\\/uploads\\\/2020\\\/04\\\/Un-petit-homme-de-dos.jpg\",\"datePublished\":\"2020-04-18T13:50:57+00:00\",\"dateModified\":\"2020-11-09T16:28:45+00:00\",\"breadcrumb\":{\"@id\":\"https:\\\/\\\/surbooke.fr\\\/wordpress\\\/cest-de-la-balle\\\/#breadcrumb\"},\"inLanguage\":\"fr-FR\",\"potentialAction\":[{\"@type\":\"ReadAction\",\"target\":[\"https:\\\/\\\/surbooke.fr\\\/wordpress\\\/cest-de-la-balle\\\/\"]}]},{\"@type\":\"ImageObject\",\"inLanguage\":\"fr-FR\",\"@id\":\"https:\\\/\\\/surbooke.fr\\\/wordpress\\\/cest-de-la-balle\\\/#primaryimage\",\"url\":\"\",\"contentUrl\":\"\"},{\"@type\":\"BreadcrumbList\",\"@id\":\"https:\\\/\\\/surbooke.fr\\\/wordpress\\\/cest-de-la-balle\\\/#breadcrumb\",\"itemListElement\":[{\"@type\":\"ListItem\",\"position\":1,\"name\":\"Accueil\",\"item\":\"https:\\\/\\\/surbooke.fr\\\/wordpress\\\/\"},{\"@type\":\"ListItem\",\"position\":2,\"name\":\"C&#8217;est de la balle\"}]},{\"@type\":\"WebSite\",\"@id\":\"https:\\\/\\\/surbooke.fr\\\/wordpress\\\/#website\",\"url\":\"https:\\\/\\\/surbooke.fr\\\/wordpress\\\/\",\"name\":\"Surbook\u00e9\",\"description\":\"Le blog de Laurent Bisault\",\"potentialAction\":[{\"@type\":\"SearchAction\",\"target\":{\"@type\":\"EntryPoint\",\"urlTemplate\":\"https:\\\/\\\/surbooke.fr\\\/wordpress\\\/?s={search_term_string}\"},\"query-input\":{\"@type\":\"PropertyValueSpecification\",\"valueRequired\":true,\"valueName\":\"search_term_string\"}}],\"inLanguage\":\"fr-FR\"}]}<\/script>\n<!-- \/ Yoast SEO plugin. -->","yoast_head_json":{"title":"C'est de la balle - Surbook\u00e9","robots":{"index":"index","follow":"follow","max-snippet":"max-snippet:-1","max-image-preview":"max-image-preview:large","max-video-preview":"max-video-preview:-1"},"canonical":"https:\/\/surbooke.fr\/wordpress\/cest-de-la-balle\/","og_locale":"fr_FR","og_type":"article","og_title":"C'est de la balle - Surbook\u00e9","og_description":"Quelques-uns des plus beaux livres de ce blog. Pas forc\u00e9ment les plus connus. Et alors ? Parce que l&rsquo;amour Si vous n&rsquo;\u00eates pas \u00e9mus par l&rsquo;histoire de St\u00e9phane Eugerwicz, petit Polonais potentiellement juif d\u00e9barqu\u00e9 de nulle part \u00e0 S. en Ard\u00e8che en l&rsquo;ann\u00e9e 1942, alors on ne peut plus rien pour vous.Un petit homme de [&hellip;]","og_url":"https:\/\/surbooke.fr\/wordpress\/cest-de-la-balle\/","og_site_name":"Surbook\u00e9","article_modified_time":"2020-11-09T16:28:45+00:00","og_image":[{"url":"https:\/\/surbooke.fr\/wordpress\/wp-content\/uploads\/2020\/04\/Un-petit-homme-de-dos.jpg","type":"","width":"","height":""}],"twitter_card":"summary_large_image","twitter_misc":{"Dur\u00e9e de lecture estim\u00e9e":"1 minute"},"schema":{"@context":"https:\/\/schema.org","@graph":[{"@type":"WebPage","@id":"https:\/\/surbooke.fr\/wordpress\/cest-de-la-balle\/","url":"https:\/\/surbooke.fr\/wordpress\/cest-de-la-balle\/","name":"C'est de la balle - Surbook\u00e9","isPartOf":{"@id":"https:\/\/surbooke.fr\/wordpress\/#website"},"primaryImageOfPage":{"@id":"https:\/\/surbooke.fr\/wordpress\/cest-de-la-balle\/#primaryimage"},"image":{"@id":"https:\/\/surbooke.fr\/wordpress\/cest-de-la-balle\/#primaryimage"},"thumbnailUrl":"https:\/\/surbooke.fr\/wordpress\/wp-content\/uploads\/2020\/04\/Un-petit-homme-de-dos.jpg","datePublished":"2020-04-18T13:50:57+00:00","dateModified":"2020-11-09T16:28:45+00:00","breadcrumb":{"@id":"https:\/\/surbooke.fr\/wordpress\/cest-de-la-balle\/#breadcrumb"},"inLanguage":"fr-FR","potentialAction":[{"@type":"ReadAction","target":["https:\/\/surbooke.fr\/wordpress\/cest-de-la-balle\/"]}]},{"@type":"ImageObject","inLanguage":"fr-FR","@id":"https:\/\/surbooke.fr\/wordpress\/cest-de-la-balle\/#primaryimage","url":"","contentUrl":""},{"@type":"BreadcrumbList","@id":"https:\/\/surbooke.fr\/wordpress\/cest-de-la-balle\/#breadcrumb","itemListElement":[{"@type":"ListItem","position":1,"name":"Accueil","item":"https:\/\/surbooke.fr\/wordpress\/"},{"@type":"ListItem","position":2,"name":"C&#8217;est de la balle"}]},{"@type":"WebSite","@id":"https:\/\/surbooke.fr\/wordpress\/#website","url":"https:\/\/surbooke.fr\/wordpress\/","name":"Surbook\u00e9","description":"Le blog de Laurent Bisault","potentialAction":[{"@type":"SearchAction","target":{"@type":"EntryPoint","urlTemplate":"https:\/\/surbooke.fr\/wordpress\/?s={search_term_string}"},"query-input":{"@type":"PropertyValueSpecification","valueRequired":true,"valueName":"search_term_string"}}],"inLanguage":"fr-FR"}]}},"_links":{"self":[{"href":"https:\/\/surbooke.fr\/wordpress\/wp-json\/wp\/v2\/pages\/1552","targetHints":{"allow":["GET"]}}],"collection":[{"href":"https:\/\/surbooke.fr\/wordpress\/wp-json\/wp\/v2\/pages"}],"about":[{"href":"https:\/\/surbooke.fr\/wordpress\/wp-json\/wp\/v2\/types\/page"}],"author":[{"embeddable":true,"href":"https:\/\/surbooke.fr\/wordpress\/wp-json\/wp\/v2\/users\/8"}],"replies":[{"embeddable":true,"href":"https:\/\/surbooke.fr\/wordpress\/wp-json\/wp\/v2\/comments?post=1552"}],"version-history":[{"count":0,"href":"https:\/\/surbooke.fr\/wordpress\/wp-json\/wp\/v2\/pages\/1552\/revisions"}],"wp:attachment":[{"href":"https:\/\/surbooke.fr\/wordpress\/wp-json\/wp\/v2\/media?parent=1552"}],"curies":[{"name":"wp","href":"https:\/\/api.w.org\/{rel}","templated":true}]}}