{"id":241,"date":"2020-03-20T08:47:48","date_gmt":"2020-03-20T07:47:48","guid":{"rendered":"http:\/\/surbooke.fr\/wordpress\/?page_id=241"},"modified":"2020-11-09T17:29:31","modified_gmt":"2020-11-09T16:29:31","slug":"cultiver-son-ego","status":"publish","type":"page","link":"https:\/\/surbooke.fr\/wordpress\/cultiver-son-ego\/","title":{"rendered":"Cultiver son ego"},"content":{"rendered":"\n<p><strong>Le v\u00e9lo<\/strong> est assur\u00e9ment une des plus belles inventions, mais sa pratique est fatigante.<br>Heureusement la lecture a \u00e9t\u00e9 cr\u00e9\u00e9e pour r\u00e9cup\u00e9rer.<br>Ces deux activit\u00e9s ont en commun d&rsquo;\u00eatre aussi plaisantes \u00e0 plusieurs que seul.<br>Elles peuvent \u00eatre simultan\u00e9es, mais c&rsquo;est au risque d&rsquo;ab\u00eemer ses bouquins. Vous pouvez m&rsquo;\u00e9crire, je transmettrai au v\u00e9lo : laurent.bisault@free.fr<\/p>\n\n\n\n<p><\/p>\n\n\n\n<p><\/p>\n\n\n\n<figure class=\"wp-block-image\"><img decoding=\"async\" src=\"https:\/\/surbooke.fr\/wordpress\/wp-content\/uploads\/2020\/03\/s-l300.jpg\" alt=\"\" class=\"wp-image-371\"\/><\/figure>\n","protected":false},"excerpt":{"rendered":"<p>Le v\u00e9lo est assur\u00e9ment une des plus belles inventions, mais sa pratique est fatigante.Heureusement la lecture a \u00e9t\u00e9 cr\u00e9\u00e9e pour r\u00e9cup\u00e9rer.Ces deux activit\u00e9s ont en commun d&rsquo;\u00eatre aussi plaisantes \u00e0 plusieurs que seul.Elles peuvent \u00eatre simultan\u00e9es, mais c&rsquo;est au risque d&rsquo;ab\u00eemer ses bouquins. Vous pouvez m&rsquo;\u00e9crire, je transmettrai au v\u00e9lo : laurent.bisault@free.fr<\/p>\n","protected":false},"author":8,"featured_media":0,"parent":0,"menu_order":0,"comment_status":"closed","ping_status":"closed","template":"","meta":{"footnotes":""},"class_list":["post-241","page","type-page","status-publish","hentry"],"yoast_head":"<!-- This site is optimized with the Yoast SEO plugin v27.5 - https:\/\/yoast.com\/product\/yoast-seo-wordpress\/ -->\n<title>Cultiver son ego - Surbook\u00e9<\/title>\n<meta name=\"robots\" content=\"index, follow, max-snippet:-1, max-image-preview:large, max-video-preview:-1\" \/>\n<link rel=\"canonical\" href=\"https:\/\/surbooke.fr\/wordpress\/cultiver-son-ego\/\" \/>\n<meta property=\"og:locale\" content=\"fr_FR\" \/>\n<meta property=\"og:type\" content=\"article\" \/>\n<meta property=\"og:title\" content=\"Cultiver son ego - Surbook\u00e9\" \/>\n<meta property=\"og:description\" content=\"Le v\u00e9lo est assur\u00e9ment une des plus belles inventions, mais sa pratique est fatigante.Heureusement la lecture a \u00e9t\u00e9 cr\u00e9\u00e9e pour r\u00e9cup\u00e9rer.Ces deux activit\u00e9s ont en commun d&rsquo;\u00eatre aussi plaisantes \u00e0 plusieurs que seul.Elles peuvent \u00eatre simultan\u00e9es, mais c&rsquo;est au risque d&rsquo;ab\u00eemer ses bouquins. Vous pouvez m&rsquo;\u00e9crire, je transmettrai au v\u00e9lo : laurent.bisault@free.fr\" \/>\n<meta property=\"og:url\" content=\"https:\/\/surbooke.fr\/wordpress\/cultiver-son-ego\/\" \/>\n<meta property=\"og:site_name\" content=\"Surbook\u00e9\" \/>\n<meta property=\"article:modified_time\" content=\"2020-11-09T16:29:31+00:00\" \/>\n<meta property=\"og:image\" content=\"https:\/\/surbooke.fr\/wordpress\/wp-content\/uploads\/2020\/03\/s-l300.jpg\" \/>\n<meta name=\"twitter:card\" content=\"summary_large_image\" \/>\n<script type=\"application\/ld+json\" class=\"yoast-schema-graph\">{\"@context\":\"https:\\\/\\\/schema.org\",\"@graph\":[{\"@type\":\"WebPage\",\"@id\":\"https:\\\/\\\/surbooke.fr\\\/wordpress\\\/cultiver-son-ego\\\/\",\"url\":\"https:\\\/\\\/surbooke.fr\\\/wordpress\\\/cultiver-son-ego\\\/\",\"name\":\"Cultiver son ego - Surbook\u00e9\",\"isPartOf\":{\"@id\":\"https:\\\/\\\/surbooke.fr\\\/wordpress\\\/#website\"},\"primaryImageOfPage\":{\"@id\":\"https:\\\/\\\/surbooke.fr\\\/wordpress\\\/cultiver-son-ego\\\/#primaryimage\"},\"image\":{\"@id\":\"https:\\\/\\\/surbooke.fr\\\/wordpress\\\/cultiver-son-ego\\\/#primaryimage\"},\"thumbnailUrl\":\"https:\\\/\\\/surbooke.fr\\\/wordpress\\\/wp-content\\\/uploads\\\/2020\\\/03\\\/s-l300.jpg\",\"datePublished\":\"2020-03-20T07:47:48+00:00\",\"dateModified\":\"2020-11-09T16:29:31+00:00\",\"breadcrumb\":{\"@id\":\"https:\\\/\\\/surbooke.fr\\\/wordpress\\\/cultiver-son-ego\\\/#breadcrumb\"},\"inLanguage\":\"fr-FR\",\"potentialAction\":[{\"@type\":\"ReadAction\",\"target\":[\"https:\\\/\\\/surbooke.fr\\\/wordpress\\\/cultiver-son-ego\\\/\"]}]},{\"@type\":\"ImageObject\",\"inLanguage\":\"fr-FR\",\"@id\":\"https:\\\/\\\/surbooke.fr\\\/wordpress\\\/cultiver-son-ego\\\/#primaryimage\",\"url\":\"\",\"contentUrl\":\"\"},{\"@type\":\"BreadcrumbList\",\"@id\":\"https:\\\/\\\/surbooke.fr\\\/wordpress\\\/cultiver-son-ego\\\/#breadcrumb\",\"itemListElement\":[{\"@type\":\"ListItem\",\"position\":1,\"name\":\"Accueil\",\"item\":\"https:\\\/\\\/surbooke.fr\\\/wordpress\\\/\"},{\"@type\":\"ListItem\",\"position\":2,\"name\":\"Cultiver son ego\"}]},{\"@type\":\"WebSite\",\"@id\":\"https:\\\/\\\/surbooke.fr\\\/wordpress\\\/#website\",\"url\":\"https:\\\/\\\/surbooke.fr\\\/wordpress\\\/\",\"name\":\"Surbook\u00e9\",\"description\":\"Le blog de Laurent Bisault\",\"potentialAction\":[{\"@type\":\"SearchAction\",\"target\":{\"@type\":\"EntryPoint\",\"urlTemplate\":\"https:\\\/\\\/surbooke.fr\\\/wordpress\\\/?s={search_term_string}\"},\"query-input\":{\"@type\":\"PropertyValueSpecification\",\"valueRequired\":true,\"valueName\":\"search_term_string\"}}],\"inLanguage\":\"fr-FR\"}]}<\/script>\n<!-- \/ Yoast SEO plugin. -->","yoast_head_json":{"title":"Cultiver son ego - Surbook\u00e9","robots":{"index":"index","follow":"follow","max-snippet":"max-snippet:-1","max-image-preview":"max-image-preview:large","max-video-preview":"max-video-preview:-1"},"canonical":"https:\/\/surbooke.fr\/wordpress\/cultiver-son-ego\/","og_locale":"fr_FR","og_type":"article","og_title":"Cultiver son ego - Surbook\u00e9","og_description":"Le v\u00e9lo est assur\u00e9ment une des plus belles inventions, mais sa pratique est fatigante.Heureusement la lecture a \u00e9t\u00e9 cr\u00e9\u00e9e pour r\u00e9cup\u00e9rer.Ces deux activit\u00e9s ont en commun d&rsquo;\u00eatre aussi plaisantes \u00e0 plusieurs que seul.Elles peuvent \u00eatre simultan\u00e9es, mais c&rsquo;est au risque d&rsquo;ab\u00eemer ses bouquins. Vous pouvez m&rsquo;\u00e9crire, je transmettrai au v\u00e9lo : laurent.bisault@free.fr","og_url":"https:\/\/surbooke.fr\/wordpress\/cultiver-son-ego\/","og_site_name":"Surbook\u00e9","article_modified_time":"2020-11-09T16:29:31+00:00","og_image":[{"url":"https:\/\/surbooke.fr\/wordpress\/wp-content\/uploads\/2020\/03\/s-l300.jpg","type":"","width":"","height":""}],"twitter_card":"summary_large_image","schema":{"@context":"https:\/\/schema.org","@graph":[{"@type":"WebPage","@id":"https:\/\/surbooke.fr\/wordpress\/cultiver-son-ego\/","url":"https:\/\/surbooke.fr\/wordpress\/cultiver-son-ego\/","name":"Cultiver son ego - Surbook\u00e9","isPartOf":{"@id":"https:\/\/surbooke.fr\/wordpress\/#website"},"primaryImageOfPage":{"@id":"https:\/\/surbooke.fr\/wordpress\/cultiver-son-ego\/#primaryimage"},"image":{"@id":"https:\/\/surbooke.fr\/wordpress\/cultiver-son-ego\/#primaryimage"},"thumbnailUrl":"https:\/\/surbooke.fr\/wordpress\/wp-content\/uploads\/2020\/03\/s-l300.jpg","datePublished":"2020-03-20T07:47:48+00:00","dateModified":"2020-11-09T16:29:31+00:00","breadcrumb":{"@id":"https:\/\/surbooke.fr\/wordpress\/cultiver-son-ego\/#breadcrumb"},"inLanguage":"fr-FR","potentialAction":[{"@type":"ReadAction","target":["https:\/\/surbooke.fr\/wordpress\/cultiver-son-ego\/"]}]},{"@type":"ImageObject","inLanguage":"fr-FR","@id":"https:\/\/surbooke.fr\/wordpress\/cultiver-son-ego\/#primaryimage","url":"","contentUrl":""},{"@type":"BreadcrumbList","@id":"https:\/\/surbooke.fr\/wordpress\/cultiver-son-ego\/#breadcrumb","itemListElement":[{"@type":"ListItem","position":1,"name":"Accueil","item":"https:\/\/surbooke.fr\/wordpress\/"},{"@type":"ListItem","position":2,"name":"Cultiver son ego"}]},{"@type":"WebSite","@id":"https:\/\/surbooke.fr\/wordpress\/#website","url":"https:\/\/surbooke.fr\/wordpress\/","name":"Surbook\u00e9","description":"Le blog de Laurent Bisault","potentialAction":[{"@type":"SearchAction","target":{"@type":"EntryPoint","urlTemplate":"https:\/\/surbooke.fr\/wordpress\/?s={search_term_string}"},"query-input":{"@type":"PropertyValueSpecification","valueRequired":true,"valueName":"search_term_string"}}],"inLanguage":"fr-FR"}]}},"_links":{"self":[{"href":"https:\/\/surbooke.fr\/wordpress\/wp-json\/wp\/v2\/pages\/241","targetHints":{"allow":["GET"]}}],"collection":[{"href":"https:\/\/surbooke.fr\/wordpress\/wp-json\/wp\/v2\/pages"}],"about":[{"href":"https:\/\/surbooke.fr\/wordpress\/wp-json\/wp\/v2\/types\/page"}],"author":[{"embeddable":true,"href":"https:\/\/surbooke.fr\/wordpress\/wp-json\/wp\/v2\/users\/8"}],"replies":[{"embeddable":true,"href":"https:\/\/surbooke.fr\/wordpress\/wp-json\/wp\/v2\/comments?post=241"}],"version-history":[{"count":0,"href":"https:\/\/surbooke.fr\/wordpress\/wp-json\/wp\/v2\/pages\/241\/revisions"}],"wp:attachment":[{"href":"https:\/\/surbooke.fr\/wordpress\/wp-json\/wp\/v2\/media?parent=241"}],"curies":[{"name":"wp","href":"https:\/\/api.w.org\/{rel}","templated":true}]}}