{"id":252,"date":"2020-03-20T09:14:26","date_gmt":"2020-03-20T08:14:26","guid":{"rendered":"http:\/\/surbooke.fr\/wordpress\/?page_id=252"},"modified":"2020-11-09T17:25:55","modified_gmt":"2020-11-09T16:25:55","slug":"anciens-numeros","status":"publish","type":"page","link":"https:\/\/surbooke.fr\/wordpress\/anciens-numeros\/","title":{"rendered":"Anciens num\u00e9ros"},"content":{"rendered":"\n<div class=\"wp-block-file\"><a href=\"https:\/\/surbooke.fr\/wordpress\/wp-content\/uploads\/2020\/03\/Numero34.pdf\">Numero34<\/a><a href=\"https:\/\/surbooke.fr\/wordpress\/wp-content\/uploads\/2020\/03\/Numero34.pdf\" class=\"wp-block-file__button\" download>T\u00e9l\u00e9charger<\/a><\/div>\n\n\n\n<div class=\"wp-block-file\"><a href=\"https:\/\/surbooke.fr\/wordpress\/wp-content\/uploads\/2020\/03\/Num\u00e9ro33.pdf\">Num\u00e9ro33<\/a><a href=\"https:\/\/surbooke.fr\/wordpress\/wp-content\/uploads\/2020\/03\/Num\u00e9ro33.pdf\" class=\"wp-block-file__button\" download>T\u00e9l\u00e9charger<\/a><\/div>\n\n\n\n<div class=\"wp-block-file\"><a href=\"https:\/\/surbooke.fr\/wordpress\/wp-content\/uploads\/2020\/03\/Numero32.pdf\">Numero32<\/a><a href=\"https:\/\/surbooke.fr\/wordpress\/wp-content\/uploads\/2020\/03\/Numero32.pdf\" class=\"wp-block-file__button\" download>T\u00e9l\u00e9charger<\/a><\/div>\n\n\n\n<div class=\"wp-block-file\"><a href=\"https:\/\/surbooke.fr\/wordpress\/wp-content\/uploads\/2020\/03\/Numero31.pdf\">Numero31<\/a><a href=\"https:\/\/surbooke.fr\/wordpress\/wp-content\/uploads\/2020\/03\/Numero31.pdf\" class=\"wp-block-file__button\" download>T\u00e9l\u00e9charger<\/a><\/div>\n\n\n\n<div class=\"wp-block-file\"><a href=\"https:\/\/surbooke.fr\/wordpress\/wp-content\/uploads\/2020\/03\/Numero30.pdf\">Numero30<\/a><a href=\"https:\/\/surbooke.fr\/wordpress\/wp-content\/uploads\/2020\/03\/Numero30.pdf\" class=\"wp-block-file__button\" download>T\u00e9l\u00e9charger<\/a><\/div>\n\n\n\n<div class=\"wp-block-file\"><a href=\"https:\/\/surbooke.fr\/wordpress\/wp-content\/uploads\/2020\/04\/Numero29.pdf\">Numero29<\/a><a href=\"https:\/\/surbooke.fr\/wordpress\/wp-content\/uploads\/2020\/04\/Numero29.pdf\" class=\"wp-block-file__button\" download>T\u00e9l\u00e9charger<\/a><\/div>\n\n\n\n<div class=\"wp-block-file\"><a href=\"https:\/\/surbooke.fr\/wordpress\/wp-content\/uploads\/2020\/04\/Num\u00e9ro28.pdf\">Num\u00e9ro28<\/a><a href=\"https:\/\/surbooke.fr\/wordpress\/wp-content\/uploads\/2020\/04\/Num\u00e9ro28.pdf\" class=\"wp-block-file__button\" download>T\u00e9l\u00e9charger<\/a><\/div>\n\n\n\n<div class=\"wp-block-file\"><a href=\"https:\/\/surbooke.fr\/wordpress\/wp-content\/uploads\/2020\/04\/Numero27.pdf\">Numero27<\/a><a href=\"https:\/\/surbooke.fr\/wordpress\/wp-content\/uploads\/2020\/04\/Numero27.pdf\" class=\"wp-block-file__button\" download>T\u00e9l\u00e9charger<\/a><\/div>\n\n\n\n<div class=\"wp-block-file\"><a href=\"https:\/\/surbooke.fr\/wordpress\/wp-content\/uploads\/2020\/04\/Numero26.pdf\">Numero26<\/a><a href=\"https:\/\/surbooke.fr\/wordpress\/wp-content\/uploads\/2020\/04\/Numero26.pdf\" class=\"wp-block-file__button\" download>T\u00e9l\u00e9charger<\/a><\/div>\n\n\n\n<div class=\"wp-block-file\"><a href=\"https:\/\/surbooke.fr\/wordpress\/wp-content\/uploads\/2020\/04\/Numero25.pdf\">Numero25<\/a><a href=\"https:\/\/surbooke.fr\/wordpress\/wp-content\/uploads\/2020\/04\/Numero25.pdf\" class=\"wp-block-file__button\" download>T\u00e9l\u00e9charger<\/a><\/div>\n\n\n\n<div class=\"wp-block-file\"><a href=\"https:\/\/surbooke.fr\/wordpress\/wp-content\/uploads\/2020\/04\/Num\u00e9ro24.pdf\">Num\u00e9ro24<\/a><a href=\"https:\/\/surbooke.fr\/wordpress\/wp-content\/uploads\/2020\/04\/Num\u00e9ro24.pdf\" class=\"wp-block-file__button\" download>T\u00e9l\u00e9charger<\/a><\/div>\n\n\n\n<div class=\"wp-block-file\"><a href=\"https:\/\/surbooke.fr\/wordpress\/wp-content\/uploads\/2020\/04\/Num\u00e9ro23.pdf\">Num\u00e9ro23<\/a><a href=\"https:\/\/surbooke.fr\/wordpress\/wp-content\/uploads\/2020\/04\/Num\u00e9ro23.pdf\" class=\"wp-block-file__button\" download>T\u00e9l\u00e9charger<\/a><\/div>\n\n\n\n<div class=\"wp-block-file\"><a href=\"https:\/\/surbooke.fr\/wordpress\/wp-content\/uploads\/2020\/04\/Num\u00e9ro22.pdf\">Num\u00e9ro22<\/a><a href=\"https:\/\/surbooke.fr\/wordpress\/wp-content\/uploads\/2020\/04\/Num\u00e9ro22.pdf\" class=\"wp-block-file__button\" download>T\u00e9l\u00e9charger<\/a><\/div>\n\n\n\n<div class=\"wp-block-file\"><a href=\"https:\/\/surbooke.fr\/wordpress\/wp-content\/uploads\/2020\/04\/Num\u00e9ro21.pdf\">Num\u00e9ro21<\/a><a href=\"https:\/\/surbooke.fr\/wordpress\/wp-content\/uploads\/2020\/04\/Num\u00e9ro21.pdf\" class=\"wp-block-file__button\" download>T\u00e9l\u00e9charger<\/a><\/div>\n\n\n\n<div class=\"wp-block-file\"><a href=\"https:\/\/surbooke.fr\/wordpress\/wp-content\/uploads\/2020\/04\/Num\u00e9ro20.pdf\">Num\u00e9ro20<\/a><a href=\"https:\/\/surbooke.fr\/wordpress\/wp-content\/uploads\/2020\/04\/Num\u00e9ro20.pdf\" class=\"wp-block-file__button\" download>T\u00e9l\u00e9charger<\/a><\/div>\n\n\n\n<div class=\"wp-block-file\"><a href=\"https:\/\/surbooke.fr\/wordpress\/wp-content\/uploads\/2020\/04\/Num\u00e9ro19.pdf\">Num\u00e9ro19<\/a><a href=\"https:\/\/surbooke.fr\/wordpress\/wp-content\/uploads\/2020\/04\/Num\u00e9ro19.pdf\" class=\"wp-block-file__button\" download>T\u00e9l\u00e9charger<\/a><\/div>\n\n\n\n<div class=\"wp-block-file\"><a href=\"https:\/\/surbooke.fr\/wordpress\/wp-content\/uploads\/2020\/04\/Num\u00e9ro18.pdf\">Num\u00e9ro18<\/a><a href=\"https:\/\/surbooke.fr\/wordpress\/wp-content\/uploads\/2020\/04\/Num\u00e9ro18.pdf\" class=\"wp-block-file__button\" download>T\u00e9l\u00e9charger<\/a><\/div>\n\n\n\n<div class=\"wp-block-file\"><a href=\"https:\/\/surbooke.fr\/wordpress\/wp-content\/uploads\/2020\/04\/Numero17.pdf\">Numero17<\/a><a href=\"https:\/\/surbooke.fr\/wordpress\/wp-content\/uploads\/2020\/04\/Numero17.pdf\" class=\"wp-block-file__button\" download>T\u00e9l\u00e9charger<\/a><\/div>\n\n\n\n<div class=\"wp-block-file\"><a href=\"https:\/\/surbooke.fr\/wordpress\/wp-content\/uploads\/2020\/04\/Num\u00e9ro16.pdf\">Num\u00e9ro16<\/a><a href=\"https:\/\/surbooke.fr\/wordpress\/wp-content\/uploads\/2020\/04\/Num\u00e9ro16.pdf\" class=\"wp-block-file__button\" download>T\u00e9l\u00e9charger<\/a><\/div>\n\n\n\n<div class=\"wp-block-file\"><a href=\"https:\/\/surbooke.fr\/wordpress\/wp-content\/uploads\/2020\/04\/Num\u00e9ro15.pdf\">Num\u00e9ro15<\/a><a href=\"https:\/\/surbooke.fr\/wordpress\/wp-content\/uploads\/2020\/04\/Num\u00e9ro15.pdf\" class=\"wp-block-file__button\" download>T\u00e9l\u00e9charger<\/a><\/div>\n\n\n\n<div class=\"wp-block-file\"><a href=\"https:\/\/surbooke.fr\/wordpress\/wp-content\/uploads\/2020\/04\/Num\u00e9ro14.pdf\">Num\u00e9ro14<\/a><a href=\"https:\/\/surbooke.fr\/wordpress\/wp-content\/uploads\/2020\/04\/Num\u00e9ro14.pdf\" class=\"wp-block-file__button\" download>T\u00e9l\u00e9charger<\/a><\/div>\n\n\n\n<div class=\"wp-block-file\"><a href=\"https:\/\/surbooke.fr\/wordpress\/wp-content\/uploads\/2020\/04\/Num\u00e9ro13.pdf\">Num\u00e9ro13<\/a><a href=\"https:\/\/surbooke.fr\/wordpress\/wp-content\/uploads\/2020\/04\/Num\u00e9ro13.pdf\" class=\"wp-block-file__button\" download>T\u00e9l\u00e9charger<\/a><\/div>\n\n\n\n<div class=\"wp-block-file\"><a href=\"https:\/\/surbooke.fr\/wordpress\/wp-content\/uploads\/2020\/04\/Num\u00e9ro12.pdf\">Num\u00e9ro12<\/a><a href=\"https:\/\/surbooke.fr\/wordpress\/wp-content\/uploads\/2020\/04\/Num\u00e9ro12.pdf\" class=\"wp-block-file__button\" download>T\u00e9l\u00e9charger<\/a><\/div>\n\n\n\n<div class=\"wp-block-file\"><a href=\"https:\/\/surbooke.fr\/wordpress\/wp-content\/uploads\/2020\/04\/Num\u00e9ro11.pdf\">Num\u00e9ro11<\/a><a href=\"https:\/\/surbooke.fr\/wordpress\/wp-content\/uploads\/2020\/04\/Num\u00e9ro11.pdf\" class=\"wp-block-file__button\" download>T\u00e9l\u00e9charger<\/a><\/div>\n\n\n\n<div class=\"wp-block-file\"><a href=\"https:\/\/surbooke.fr\/wordpress\/wp-content\/uploads\/2020\/04\/Num\u00e9ro10.pdf\">Num\u00e9ro10<\/a><a href=\"https:\/\/surbooke.fr\/wordpress\/wp-content\/uploads\/2020\/04\/Num\u00e9ro10.pdf\" class=\"wp-block-file__button\" download>T\u00e9l\u00e9charger<\/a><\/div>\n\n\n\n<div class=\"wp-block-file\"><a href=\"https:\/\/surbooke.fr\/wordpress\/wp-content\/uploads\/2020\/04\/Num\u00e9ro9.pdf\">Num\u00e9ro9<\/a><a href=\"https:\/\/surbooke.fr\/wordpress\/wp-content\/uploads\/2020\/04\/Num\u00e9ro9.pdf\" class=\"wp-block-file__button\" download>T\u00e9l\u00e9charger<\/a><\/div>\n\n\n\n<div class=\"wp-block-file\"><a href=\"https:\/\/surbooke.fr\/wordpress\/wp-content\/uploads\/2020\/04\/Num\u00e9ro8.pdf\">Num\u00e9ro8<\/a><a href=\"https:\/\/surbooke.fr\/wordpress\/wp-content\/uploads\/2020\/04\/Num\u00e9ro8.pdf\" class=\"wp-block-file__button\" download>T\u00e9l\u00e9charger<\/a><\/div>\n\n\n\n<div class=\"wp-block-file\"><a href=\"https:\/\/surbooke.fr\/wordpress\/wp-content\/uploads\/2020\/04\/Num\u00e9ro7.pdf\">Num\u00e9ro7<\/a><a href=\"https:\/\/surbooke.fr\/wordpress\/wp-content\/uploads\/2020\/04\/Num\u00e9ro7.pdf\" class=\"wp-block-file__button\" download>T\u00e9l\u00e9charger<\/a><\/div>\n\n\n\n<div class=\"wp-block-file\"><a href=\"https:\/\/surbooke.fr\/wordpress\/wp-content\/uploads\/2020\/04\/Num\u00e9ro6.pdf\">Num\u00e9ro6<\/a><a href=\"https:\/\/surbooke.fr\/wordpress\/wp-content\/uploads\/2020\/04\/Num\u00e9ro6.pdf\" class=\"wp-block-file__button\" download>T\u00e9l\u00e9charger<\/a><\/div>\n\n\n\n<div class=\"wp-block-file\"><a href=\"https:\/\/surbooke.fr\/wordpress\/wp-content\/uploads\/2020\/04\/Num\u00e9ro5.pdf\">Num\u00e9ro5<\/a><a href=\"https:\/\/surbooke.fr\/wordpress\/wp-content\/uploads\/2020\/04\/Num\u00e9ro5.pdf\" class=\"wp-block-file__button\" download>T\u00e9l\u00e9charger<\/a><\/div>\n\n\n\n<div class=\"wp-block-file\"><a href=\"https:\/\/surbooke.fr\/wordpress\/wp-content\/uploads\/2020\/04\/Num\u00e9ro4.pdf\">Num\u00e9ro4<\/a><a href=\"https:\/\/surbooke.fr\/wordpress\/wp-content\/uploads\/2020\/04\/Num\u00e9ro4.pdf\" class=\"wp-block-file__button\" download>T\u00e9l\u00e9charger<\/a><\/div>\n\n\n\n<div class=\"wp-block-file\"><a href=\"https:\/\/surbooke.fr\/wordpress\/wp-content\/uploads\/2020\/04\/Num\u00e9ro3.pdf\">Num\u00e9ro3<\/a><a href=\"https:\/\/surbooke.fr\/wordpress\/wp-content\/uploads\/2020\/04\/Num\u00e9ro3.pdf\" class=\"wp-block-file__button\" download>T\u00e9l\u00e9charger<\/a><\/div>\n\n\n\n<div class=\"wp-block-file\"><a href=\"https:\/\/surbooke.fr\/wordpress\/wp-content\/uploads\/2020\/04\/Num\u00e9ro2.pdf\">Num\u00e9ro2<\/a><a href=\"https:\/\/surbooke.fr\/wordpress\/wp-content\/uploads\/2020\/04\/Num\u00e9ro2.pdf\" class=\"wp-block-file__button\" download>T\u00e9l\u00e9charger<\/a><\/div>\n\n\n\n<div class=\"wp-block-file\"><a href=\"https:\/\/surbooke.fr\/wordpress\/wp-content\/uploads\/2020\/04\/Num\u00e9ro1.pdf\">Num\u00e9ro1<\/a><a href=\"https:\/\/surbooke.fr\/wordpress\/wp-content\/uploads\/2020\/04\/Num\u00e9ro1.pdf\" class=\"wp-block-file__button\" download>T\u00e9l\u00e9charger<\/a><\/div>\n\n\n","protected":false},"excerpt":{"rendered":"","protected":false},"author":8,"featured_media":0,"parent":0,"menu_order":0,"comment_status":"closed","ping_status":"closed","template":"","meta":{"footnotes":""},"class_list":["post-252","page","type-page","status-publish","hentry"],"yoast_head":"<!-- This site is optimized with the Yoast SEO plugin v27.5 - https:\/\/yoast.com\/product\/yoast-seo-wordpress\/ -->\n<title>Anciens num\u00e9ros - Surbook\u00e9<\/title>\n<meta name=\"robots\" content=\"index, follow, max-snippet:-1, max-image-preview:large, max-video-preview:-1\" \/>\n<link rel=\"canonical\" href=\"https:\/\/surbooke.fr\/wordpress\/anciens-numeros\/\" \/>\n<meta property=\"og:locale\" content=\"fr_FR\" \/>\n<meta property=\"og:type\" content=\"article\" \/>\n<meta property=\"og:title\" content=\"Anciens num\u00e9ros - Surbook\u00e9\" \/>\n<meta property=\"og:url\" content=\"https:\/\/surbooke.fr\/wordpress\/anciens-numeros\/\" \/>\n<meta property=\"og:site_name\" content=\"Surbook\u00e9\" \/>\n<meta property=\"article:modified_time\" content=\"2020-11-09T16:25:55+00:00\" \/>\n<meta name=\"twitter:card\" content=\"summary_large_image\" \/>\n<meta name=\"twitter:label1\" content=\"Dur\u00e9e de lecture estim\u00e9e\" \/>\n\t<meta name=\"twitter:data1\" content=\"1 minute\" \/>\n<script type=\"application\/ld+json\" class=\"yoast-schema-graph\">{\"@context\":\"https:\\\/\\\/schema.org\",\"@graph\":[{\"@type\":\"WebPage\",\"@id\":\"https:\\\/\\\/surbooke.fr\\\/wordpress\\\/anciens-numeros\\\/\",\"url\":\"https:\\\/\\\/surbooke.fr\\\/wordpress\\\/anciens-numeros\\\/\",\"name\":\"Anciens num\u00e9ros - Surbook\u00e9\",\"isPartOf\":{\"@id\":\"https:\\\/\\\/surbooke.fr\\\/wordpress\\\/#website\"},\"datePublished\":\"2020-03-20T08:14:26+00:00\",\"dateModified\":\"2020-11-09T16:25:55+00:00\",\"breadcrumb\":{\"@id\":\"https:\\\/\\\/surbooke.fr\\\/wordpress\\\/anciens-numeros\\\/#breadcrumb\"},\"inLanguage\":\"fr-FR\",\"potentialAction\":[{\"@type\":\"ReadAction\",\"target\":[\"https:\\\/\\\/surbooke.fr\\\/wordpress\\\/anciens-numeros\\\/\"]}]},{\"@type\":\"BreadcrumbList\",\"@id\":\"https:\\\/\\\/surbooke.fr\\\/wordpress\\\/anciens-numeros\\\/#breadcrumb\",\"itemListElement\":[{\"@type\":\"ListItem\",\"position\":1,\"name\":\"Accueil\",\"item\":\"https:\\\/\\\/surbooke.fr\\\/wordpress\\\/\"},{\"@type\":\"ListItem\",\"position\":2,\"name\":\"Anciens num\u00e9ros\"}]},{\"@type\":\"WebSite\",\"@id\":\"https:\\\/\\\/surbooke.fr\\\/wordpress\\\/#website\",\"url\":\"https:\\\/\\\/surbooke.fr\\\/wordpress\\\/\",\"name\":\"Surbook\u00e9\",\"description\":\"Le blog de Laurent Bisault\",\"potentialAction\":[{\"@type\":\"SearchAction\",\"target\":{\"@type\":\"EntryPoint\",\"urlTemplate\":\"https:\\\/\\\/surbooke.fr\\\/wordpress\\\/?s={search_term_string}\"},\"query-input\":{\"@type\":\"PropertyValueSpecification\",\"valueRequired\":true,\"valueName\":\"search_term_string\"}}],\"inLanguage\":\"fr-FR\"}]}<\/script>\n<!-- \/ Yoast SEO plugin. -->","yoast_head_json":{"title":"Anciens num\u00e9ros - Surbook\u00e9","robots":{"index":"index","follow":"follow","max-snippet":"max-snippet:-1","max-image-preview":"max-image-preview:large","max-video-preview":"max-video-preview:-1"},"canonical":"https:\/\/surbooke.fr\/wordpress\/anciens-numeros\/","og_locale":"fr_FR","og_type":"article","og_title":"Anciens num\u00e9ros - Surbook\u00e9","og_url":"https:\/\/surbooke.fr\/wordpress\/anciens-numeros\/","og_site_name":"Surbook\u00e9","article_modified_time":"2020-11-09T16:25:55+00:00","twitter_card":"summary_large_image","twitter_misc":{"Dur\u00e9e de lecture estim\u00e9e":"1 minute"},"schema":{"@context":"https:\/\/schema.org","@graph":[{"@type":"WebPage","@id":"https:\/\/surbooke.fr\/wordpress\/anciens-numeros\/","url":"https:\/\/surbooke.fr\/wordpress\/anciens-numeros\/","name":"Anciens num\u00e9ros - Surbook\u00e9","isPartOf":{"@id":"https:\/\/surbooke.fr\/wordpress\/#website"},"datePublished":"2020-03-20T08:14:26+00:00","dateModified":"2020-11-09T16:25:55+00:00","breadcrumb":{"@id":"https:\/\/surbooke.fr\/wordpress\/anciens-numeros\/#breadcrumb"},"inLanguage":"fr-FR","potentialAction":[{"@type":"ReadAction","target":["https:\/\/surbooke.fr\/wordpress\/anciens-numeros\/"]}]},{"@type":"BreadcrumbList","@id":"https:\/\/surbooke.fr\/wordpress\/anciens-numeros\/#breadcrumb","itemListElement":[{"@type":"ListItem","position":1,"name":"Accueil","item":"https:\/\/surbooke.fr\/wordpress\/"},{"@type":"ListItem","position":2,"name":"Anciens num\u00e9ros"}]},{"@type":"WebSite","@id":"https:\/\/surbooke.fr\/wordpress\/#website","url":"https:\/\/surbooke.fr\/wordpress\/","name":"Surbook\u00e9","description":"Le blog de Laurent Bisault","potentialAction":[{"@type":"SearchAction","target":{"@type":"EntryPoint","urlTemplate":"https:\/\/surbooke.fr\/wordpress\/?s={search_term_string}"},"query-input":{"@type":"PropertyValueSpecification","valueRequired":true,"valueName":"search_term_string"}}],"inLanguage":"fr-FR"}]}},"_links":{"self":[{"href":"https:\/\/surbooke.fr\/wordpress\/wp-json\/wp\/v2\/pages\/252","targetHints":{"allow":["GET"]}}],"collection":[{"href":"https:\/\/surbooke.fr\/wordpress\/wp-json\/wp\/v2\/pages"}],"about":[{"href":"https:\/\/surbooke.fr\/wordpress\/wp-json\/wp\/v2\/types\/page"}],"author":[{"embeddable":true,"href":"https:\/\/surbooke.fr\/wordpress\/wp-json\/wp\/v2\/users\/8"}],"replies":[{"embeddable":true,"href":"https:\/\/surbooke.fr\/wordpress\/wp-json\/wp\/v2\/comments?post=252"}],"version-history":[{"count":0,"href":"https:\/\/surbooke.fr\/wordpress\/wp-json\/wp\/v2\/pages\/252\/revisions"}],"wp:attachment":[{"href":"https:\/\/surbooke.fr\/wordpress\/wp-json\/wp\/v2\/media?parent=252"}],"curies":[{"name":"wp","href":"https:\/\/api.w.org\/{rel}","templated":true}]}}